{"id":112,"date":"2019-03-28T12:16:43","date_gmt":"2019-03-28T12:16:43","guid":{"rendered":"http:\/\/annamariajopek.pl\/jp\/?page_id=112"},"modified":"2026-04-20T12:41:21","modified_gmt":"2026-04-20T11:41:21","slug":"concerts","status":"publish","type":"page","link":"http:\/\/annamariajopek.pl\/jp\/index.php\/concerts\/","title":{"rendered":"\u30b9\u30b1\u30b8\u30e5\u30fc\u30eb"},"content":{"rendered":"\n<p><strong>26 April 2026, 19:00 \u2013 Warszawa<\/strong>\u00a0(Poland)<br>Studio Koncertowe Polskiego Radia im. Witolda Lutos\u0142awskiego<br>Tickets:\u00a0<a href=\"https:\/\/www.bilety24.pl\/index.php\/kup-bilet-na-682-anna-maria-jopek-i-zespol-piotra-wojtasika-czyli-jazzowe-swietowanie-w-studiu-koncertowym-polskiego-radia--152980\">www.bilety24.pl<\/a><br>Piotr Wojtasik Quintet &amp; Anna Maria Jopek<br>Anna Maria Jopek \u2013 voice, Piotr Wojtasik \u2013 trumpet, Marcin Kaletka \u2013 sax. Micha\u0142 Tokaj \u2013 piano, Micha\u0142 Bara\u0144ski \u2013 double bass, \u0141ukasz \u017byta \u2013 drums<\/p>\n\n\n\n<p><strong>10 May 2026, 19:30 \u2013 Katowice&nbsp;<\/strong>(Poland)<br>NOSPR (plac Wojciecha Kilara 1, Katowice)<br>Tickets:&nbsp;<a rel=\"noreferrer noopener\" href=\"https:\/\/www.bilety24.pl\/kup-bilet-na-568-anna-maria-jopek-z-towarzyszeniem-makoto-ozone-trio-trinfinity--145976?id=866360#overall\" target=\"_blank\">www.bilety24.pl<\/a>,&nbsp;<a rel=\"noreferrer noopener\" href=\"https:\/\/nospr.org.pl\/pl\/kalendarz\/anna-maria-jopek-z-towarzyszeniem-makoto-ozone-trio-trinfini\" target=\"_blank\">nospr.org.pl<\/a><br>ANNA MARIA JOPEK &amp; MAKOTO OZONE TRIO \u2013 \u201e TRINFINITY\u201d<br>Anna Maria Jopek \u2013 voice, Makoto Ozone \u2013 piano, Kunito Kitai \u2013 drums, Shimpei Ogawa \u2013 double bass<\/p>\n\n\n\n<p><strong>12 May 2026, 19:00 \u2013 Szczecin&nbsp;<\/strong>(Poland)<br>Szczecin Philharmonic<br>Tickets:&nbsp;<a rel=\"noreferrer noopener\" href=\"https:\/\/adria-art.pl\/repertuar\/539\/koncerty-anna-maria-jopek-makoto-ozone-trio-trinfinity\" target=\"_blank\">https:\/\/adria-art.pl<\/a><br>ANNA MARIA JOPEK &amp; MAKOTO OZONE TRIO \u2013 \u201e TRINFINITY\u201d<br>Anna Maria Jopek \u2013 voice, Makoto Ozone \u2013 piano, Kunito Kitai \u2013 drums, Shimpei Ogawa \u2013 double bass<\/p>\n\n\n\n<p><strong>13 May 2026, 20:00 \u2013 Pozna\u0144&nbsp;<\/strong>(Poland)<br>Blue Note Pozna\u0144 (Tadeusza Ko\u015bciuszki 79, 61-891 Pozna\u0144)<br>Tickets:&nbsp;<a rel=\"noreferrer noopener\" href=\"https:\/\/bluenote.pl\/kalendarz\/makoto-ozone-trinfinity-anna-maria-jopek\/\" target=\"_blank\">https:\/\/bluenote.pl\/<\/a><br>ANNA MARIA JOPEK &amp; MAKOTO OZONE TRIO \u2013 \u201e TRINFINITY\u201d<br>Anna Maria Jopek \u2013 voice, Makoto Ozone \u2013 piano, Kunito Kitai \u2013 drums, Shimpei Ogawa \u2013 double bass<\/p>\n\n\n\n<p><strong>14 May 2026, 20:30 \u2013 Warszawa&nbsp;<\/strong>(Poland)<br>Jassmine (Wilcza 73, 00-670 Warszawa)<br>Tickets:&nbsp;<a rel=\"noreferrer noopener\" href=\"https:\/\/jassmine.com\/concert\/anna-maria-jopek-makoto-ozone-trinfinity\/\" target=\"_blank\">https:\/\/jassmine.com\/<\/a><br>ANNA MARIA JOPEK &amp; MAKOTO OZONE TRIO \u2013 \u201e TRINFINITY\u201d<br>Anna Maria Jopek \u2013 voice, Makoto Ozone \u2013 piano, Kunito Kitai \u2013 drums, Shimpei Ogawa \u2013 double bass<\/p>\n\n\n\n<p><strong>15 May 2026, 20:30 \u2013 Warszawa&nbsp;<\/strong>(Poland)<br>Jassmine (Wilcza 73, 00-670 Warszawa)<br>Tickets:&nbsp;<a rel=\"noreferrer noopener\" href=\"https:\/\/jassmine.com\/concert\/anna-maria-jopek-makoto-ozone-trinfinity-2\/\" target=\"_blank\">https:\/\/jassmine.com\/<\/a><br>ANNA MARIA JOPEK &amp; MAKOTO OZONE TRIO \u2013 \u201e TRINFINITY\u201d<br>Anna Maria Jopek \u2013 voice, Makoto Ozone \u2013 piano, Kunito Kitai \u2013 drums, Shimpei Ogawa \u2013 double bass<\/p>\n\n\n\n<p><strong>27 July 2026 \u2013 \u017bywiec<\/strong><br><a rel=\"noreferrer noopener\" href=\"https:\/\/www.meskiegranie.pl\/koncerty\/zywiec\/\" target=\"_blank\">M\u0118SKIE GRANIE<\/a><br>Scena G\u0142\u00f3wna \u2013 Tribute to Stanis\u0142aw Soyka<\/p>\n\n\n\n<p><strong>11 June 2026 \u2013 Pozna\u0144<\/strong><br><a rel=\"noreferrer noopener\" href=\"https:\/\/www.meskiegranie.pl\/koncerty\/poznan\/\" target=\"_blank\">M\u0118SKIE GRANIE<\/a><br>Scena G\u0142\u00f3wna \u2013 Tribute to Stanis\u0142aw Soyka<br>Scena \u017b \u2013 Anna Maria Jopek z zespo\u0142em<br><br><strong>7 August 2026 \u2013 Krak\u00f3w<\/strong><br><a rel=\"noreferrer noopener\" href=\"https:\/\/www.meskiegranie.pl\/koncerty\/krakow\/\" target=\"_blank\">M\u0118SKIE GRANIE<\/a><br>Scena \u017b \u2013 Anna Maria Jopek \u2013 SOBREMESA<\/p>\n","protected":false},"excerpt":{"rendered":"<p>26 April 2026, 19:00 \u2013 Warszawa\u00a0(Poland)Studio Koncertowe Polskiego Radia im. Witolda Lutos\u0142awskiegoTickets:\u00a0www.bilety24.plPiotr Wojtasik Quintet &amp; Anna Maria JopekAnna Maria Jopek \u2013 voice, Piotr Wojtasik \u2013 trumpet, Marcin Kaletka \u2013 sax. Micha\u0142 Tokaj \u2013 piano, Micha\u0142 Bara\u0144ski \u2013 double bass, \u0141ukasz \u017byta \u2013 drums 10 May 2026, 19:30 \u2013 Katowice&nbsp;(Poland)NOSPR (plac Wojciecha Kilara 1, Katowice)Tickets:&nbsp;www.bilety24.pl,&nbsp;nospr.org.plANNA MARIA &hellip; <\/p>\n<p class=\"link-more\"><a href=\"http:\/\/annamariajopek.pl\/jp\/index.php\/concerts\/\" class=\"more-link\">Czytaj dalej<span class=\"screen-reader-text\"> \u30b9\u30b1\u30b8\u30e5\u30fc\u30eb<\/span><\/a><\/p>\n","protected":false},"author":1,"featured_media":0,"parent":0,"menu_order":0,"comment_status":"closed","ping_status":"closed","template":"","meta":[],"_links":{"self":[{"href":"http:\/\/annamariajopek.pl\/jp\/index.php\/wp-json\/wp\/v2\/pages\/112"}],"collection":[{"href":"http:\/\/annamariajopek.pl\/jp\/index.php\/wp-json\/wp\/v2\/pages"}],"about":[{"href":"http:\/\/annamariajopek.pl\/jp\/index.php\/wp-json\/wp\/v2\/types\/page"}],"author":[{"embeddable":true,"href":"http:\/\/annamariajopek.pl\/jp\/index.php\/wp-json\/wp\/v2\/users\/1"}],"replies":[{"embeddable":true,"href":"http:\/\/annamariajopek.pl\/jp\/index.php\/wp-json\/wp\/v2\/comments?post=112"}],"version-history":[{"count":73,"href":"http:\/\/annamariajopek.pl\/jp\/index.php\/wp-json\/wp\/v2\/pages\/112\/revisions"}],"predecessor-version":[{"id":578,"href":"http:\/\/annamariajopek.pl\/jp\/index.php\/wp-json\/wp\/v2\/pages\/112\/revisions\/578"}],"wp:attachment":[{"href":"http:\/\/annamariajopek.pl\/jp\/index.php\/wp-json\/wp\/v2\/media?parent=112"}],"curies":[{"name":"wp","href":"https:\/\/api.w.org\/{rel}","templated":true}]}}