{"id":92,"date":"2019-03-28T10:58:41","date_gmt":"2019-03-28T10:58:41","guid":{"rendered":"http:\/\/annamariajopek.pl\/jp\/?page_id=92"},"modified":"2019-04-11T11:33:35","modified_gmt":"2019-04-11T10:33:35","slug":"upojenie","status":"publish","type":"page","link":"http:\/\/annamariajopek.pl\/jp\/index.php\/music\/upojenie\/","title":{"rendered":"Upojenie"},"content":{"rendered":"\n<figure class=\"wp-block-image\"><img decoding=\"async\" loading=\"lazy\" width=\"717\" height=\"720\" src=\"http:\/\/annamariajopek.pl\/jp\/wp-content\/uploads\/2019\/03\/upojenie.jpg\" alt=\"\" class=\"wp-image-93\" srcset=\"http:\/\/annamariajopek.pl\/jp\/wp-content\/uploads\/2019\/03\/upojenie.jpg 717w, http:\/\/annamariajopek.pl\/jp\/wp-content\/uploads\/2019\/03\/upojenie-150x150.jpg 150w, http:\/\/annamariajopek.pl\/jp\/wp-content\/uploads\/2019\/03\/upojenie-300x300.jpg 300w, http:\/\/annamariajopek.pl\/jp\/wp-content\/uploads\/2019\/03\/upojenie-100x100.jpg 100w\" sizes=\"(max-width: 717px) 100vw, 717px\" \/><\/figure>\n\n\n\n<p>UPOJENIE (Nonesuch Records 2008)<\/p>\n\n\n\n<p>\u3042\u3089\u3086\u308b\u97f3\u697d\u30d5\u30a1\u30f3\u306b\u9a5a\u304d\u3068\u611f\u52d5\u3092\u4e0e\u3048\u7d9a\u3051\u308b\u30ab\u30ea\u30b9\u30de\u30ae\u30bf\u30ea\u30b9\u30c8\u3001\u30d1\u30c3\u30c8\u30fb\u30e1\u30bb\u30cb\u30fc\u3068\u30a2\u30f3\u30ca\u30fb\u30de\u30ea\u30a2\u30fb\u30e8\u30da\u30c3\u30af\u306e\u30b3\u30e9\u30dc\u30ec\u30fc\u30b7\u30e7\u30f3\u4f5c\u54c1\u3002\u672c\u4f5c\u54c1\u306f \u30d1\u30c3\u30c8\u30fb\u30e1\u30bb\u30cb\u30fc\u306e\u30a2\u30eb\u30d0\u30e0\u3068\u3057\u3066\u3001\u65b0\u305f\u306b\uff10\uff18\u5e74\u306b\u30ea\u30ea\u30fc\u30b9\u3055\u308c\u305f\u30a4\u30f3\u30bf\u30fc\u30ca\u30b7\u30e7\u30ca\u30eb\u76e4\u3002\uff10\uff12\u5e74\u306b\u30ea\u30ea\u30fc\u30b9\u3055\u308c\u305f\u30dd\u30fc\u30e9\u30f3\u30c9\u76e4\u306f\u3001\u30d7\u30e9\u30c1\u30ca\u30fb\u30c7\u30a3\u30b9\u30af\u3092\u53d7 \u8cde\u3001\u30dd\u30fc\u30e9\u30f3\u30c9\u97f3\u697d\u30c1\u30e3\u30fc\u30c8\u3067\uff17\u9031\u9023\u7d9a\uff11\u4f4d\u3068\u3044\u3046\u5feb\u6319\u3092\u6210\u3057\u9042\u3052\u3066\u3044\u308b\u3002\u5f53\u6642\u3001Pat Metheny With\u3000\u3068\u540d\u524d\u3092\u9023\u306d\u308b\u30b3\u30e9\u30dc\u30ec\u30fc\u30b7\u30e7\u30f3\u304c\u8a31\u3055\u308c\u3066\u3044\u305f\u30a2\u30fc\u30c6\u30a3\u30b9\u30c8\u306f\u4e16\u754c\u3067\u308f\u305a\u304b\uff13\u4eba\u3002\u30d1\u30c3\u30c8\u30fb\u30e1\u30bb\u30cb\u30fc\u306e\u5168\u9762\u7684\u5354\u529b\u306e\u3082\u3068\u3001\u30a2\u30f3\u30ca\u30fb\u30de\u30ea\u30a2\u5922\u306e\u30b3\u30e9 \u30dc\u30ec\u30fc\u30b7\u30e7\u30f3\u304c\u5b9f\u73fe\uff01\u30a2\u30eb\u30d0\u30e0\u306b\u306f\u3001\u30d1\u30c3\u30c8\u30fb\u30e1\u30bb\u30cb\u30fc\u3001\u30a2\u30f3\u30ca\u30fb\u30de\u30ea\u30a2\u30fb\u30e8\u30da\u30c3\u30af\u304c\u305d\u308c\u305e\u308c\u4f5c\u8a5e\u3057\u305f\u66f2\u3001\u30d1\u30c3\u30c8\u30fb\u30e1\u30bb\u30cb\u30fc\u3068\u30de\u30eb\u30c1\u30f3\u30fb\u30af\u30c9\u30ea\u30f3\u30b9\u30ad\u304c\u30dd\u30fc \u30e9\u30f3\u30c9\u8a9e\u304b\u3089\u82f1\u8a9e\u306b\u8a33\u3057\u305f\u66f2\u306a\u3069\u3082\u53ce\u9332\u3055\u308c\u3066\u3044\u308b\u3002 \u30ec\u30b3\u30fc\u30c7\u30a3\u30f3\u30b0\u306f\uff12\uff10\uff10\uff12\u5e74\u30ef\u30eb\u30b7\u30e3\u30ef\u306b\u3066\u3001\uff11\u9031\u9593\u30b9\u30bf\u30b8\u30aa\u3092\u8cb8\u3057\u5207\u3063\u3066\u884c\u308f\u308c\u305f\u3002\u30e1\u30bb\u30cb\u30fc\u306f\u3001\uff17\u672c\u306e\u30ae\u30bf\u30fc\u3092\u6301\u3061\u8fbc\u307f\u3001\u9023\u65e5\u9023\u591c\u3072\u305f\u3059\u3089\u30b9\u30bf\u30b8\u30aa\u3067\u97f3\u697d \u3068\u5411\u304d\u5408\u3063\u305f\u3002\u300c\u97f3\u697d\u3068\u3044\u3046\u3082\u306e\u306f\u3001\u9811\u5f35\u3063\u305f\u5206\u3060\u3051\u81ea\u5206\u306b\u8fd4\u3063\u3066\u304f\u308b\u3082\u306e\u300d\u3068\u4fe1\u5ff5\u3092\u8a9e\u308b\u30e1\u30bb\u30cb\u30fc\u3002\u5354\u6f14\u9663\u306b\u306f\u30ec\u30b7\u30a7\u30c3\u30af\u30fb\u30e2\u30b8\u30e5\u30b8\u30a7\u30eb\u306a\u3069\u3001\u30dd\u30fc\u30e9\u30f3\u30c9\u306e \u8d85\u4e00\u6d41\u30a2\u30fc\u30c6\u30a3\u30b9\u30c8\u304c\u96c6\u7d50\u3057\u305f\u3002 \u30e1\u30bb\u30cb\u30fc\u306f\u300c\u30ec\u30b3\u30fc\u30c7\u30a3\u30f3\u30b0\u306f\u3001\u3068\u3066\u3082\u523a\u6fc0\u7684\u3067\u96c6\u4e2d\u3057\u305f\u6642\u9593\u3067\u3057\u305f\u3002\u7686\u3067\u5354\u529b\u3057\u3066\u53d6\u308a\u7d44\u307f\u3001\u96c6\u307e\u3063\u305f\u30a2\u30fc\u30c6\u30a3\u30b9\u30c8\u9054\u304b\u3089\u30a4\u30f3\u30b9\u30d4\u30ec\u30fc\u30b7\u30e7\u30f3\u3092\u53d7\u3051\u3001\u4e92\u3044\u306e \u826f\u3055\u3092\u5f15\u304d\u51fa\u3059\u65b0\u305f\u306a\u767a\u898b\u3082\u3042\u308a\u307e\u3057\u305f\u3002\u79c1\u9054\u304c\u697d\u3057\u3093\u3067\u3053\u306e\u97f3\u697d\u3068\u5411\u304d\u5408\u3063\u305f\u3088\u3046\u306b\u3001\u7686\u3055\u3093\u306b\u3082\u3053\u306e\u97f3\u697d\u3092\u697d\u3057\u3093\u3067\u3082\u3089\u3048\u305f\u3089\u5b09\u3057\u3044\u3067\u3059\u3002\u300d\u3068\u8a71\u3059\u3002 \u4e16\u754c\u4e2d\u306e\u30d1\u30c3\u30c8\u30fb\u30e1\u30bb\u30cb\u30fc\u30d5\u30a1\u30f3\u306b\u3068\u3063\u3066\u3082\u5fc5\u8074\u306e\u30a2\u30eb\u30d0\u30e0\uff01 <\/p>\n\n\n\n<p>Track list:<br>1. Cichy zapada zmrok (Here Comes The Silent Dusk) <br> 2. Mania mienia (So May It Secretly Begin)<br> 3. Biel (Whiteness)&nbsp;<br> 4. Przyp\u0142yw, odp\u0142yw, oddech czasu&#8230; (Tell Her You Saw Me)<br> 5. Are you going with me? <br> 6. Czarne s\u0142owa (Black Words) <br> 7. Lulaj\u017ce Jezuniu (Polish Christmas Carol)*<br> 8. Upojenie (Ecstasy)&nbsp;<br> 9. Zupe\u0142nie inna ja (Always And Forever)<br> 10. Piosenka dla Stasia (A Song For Stas) <br> 11. Letter from home <br> 12. Me jedyne niebo (Another Life)<br> 13. By on by\u0142 tu (Farmer\u2019s Trust) <br> 14. Polskie drogi (Polish Paths) <br> 15. Tam, gdzie nie si\u0119ga wzrok (Follow Me)<br> 16. Na ca\u0142ej po\u0142aci \u015bnieg (The Snow Falls All Over The Place)* <br> 17. Szepty i \u0142zy (Whispers And Tears)*<br>* bonus track<\/p>\n\n\n\n<figure class=\"wp-block-embed-spotify wp-block-embed is-type-rich is-provider-spotify wp-embed-aspect-9-16 wp-has-aspect-ratio\"><div class=\"wp-block-embed__wrapper\">\n<iframe loading=\"lazy\" width=\"300\" height=\"380\" allowtransparency=\"true\" frameborder=\"0\" allow=\"encrypted-media\" title=\"Spotify Embed: Upojenie\" src=\"https:\/\/open.spotify.com\/embed\/album\/2FDoaB8G6itN0d1vUPQgc9\"><\/iframe>\n<\/div><\/figure>\n\n\n\n<p class=\"has-small-font-size\">Anna Maria Jopek &#8211; voice, background vocals, Fender Rhodes<br>Pat Metheny &#8211; electric, acoustic, classical, baritone and soprano guitars, guitar synthesiser, 43-string Pikasso guitar, keyboards<br>Leszek Mo\u017cd\u017cer  &#8211; piano<br>Pawe\u0142 Bzik Zarecki &#8211; keyboards, main programming, loops<br>Darek Olaszkiewicz &#8211; acoustic bass<br>Marcin Pospieszalski &#8211; bass guitar, programming, loops<br>Cezary Konrad &#8211; drums<br>Mino Cinelu &#8211; percussion<br>Henryk Mi\u015bkiewicz &#8211; soprano saxophone<br>Mateusz Pospieszalski &#8211; programming, loops<br>Marek Pospieszalski &#8211; turntables<br>Wojciech Kowalewski &#8211; percussion<br>Piotr Nazaruk &#8211; flutes, hammered dulcimer, percussion, voice<br>Bernard Maseli &#8211; vibes<br>Marek Napi\u00f3rkowski &#8211; 2nd gituar on &#8222;Upojenie&#8221;<br>Barney &#8211; 'Alien Voices&#8217;<\/p>\n\n\n\n<p class=\"has-small-font-size\">Violins: Krzysztof Bzowka &#8211; concertmaster, J\u00f3zef Kolinek &#8211; contractor, Parycja Jopek, Katarzyna Gilewska-Zagrodzi\u0144ska, Artur Gadzala, Robert D\u0105browski, Violas: W\u0142odzimierz \u017burawski, Dariusz Kisieli\u0144ski, Cellos: Jerzy Muranty, Janusz Olechowski <\/p>\n\n\n\n<p class=\"has-small-font-size\">Acoustic guitars made by Linda Mazner, Toronto, Canada. Electric guitar by Ibenez. <\/p>\n\n\n\n<figure class=\"wp-block-embed-youtube wp-block-embed is-type-video is-provider-youtube wp-embed-aspect-4-3 wp-has-aspect-ratio\"><div class=\"wp-block-embed__wrapper\">\n<iframe loading=\"lazy\" width=\"525\" height=\"394\" src=\"https:\/\/www.youtube.com\/embed\/Io4Kv9Q8KYw?feature=oembed\" frameborder=\"0\" allow=\"accelerometer; autoplay; encrypted-media; gyroscope; picture-in-picture\" allowfullscreen><\/iframe>\n<\/div><\/figure>\n\n\n\n<p class=\"has-small-font-size\">Produced by Marcin Kydrynski &amp; Pat Metheny<br>\nCo-produced by: Anna Maria Jopek &amp; Pawe\u0142 Bzim Zarecki<br>\nSequenced by Matt Pierson<br>\nExecutive producer, A&amp;R: Jacek \u017burawski<\/p>\n\n\n\n<p class=\"has-small-font-size\">Recorded: July-October 2002 at S4 and Pueblo People Studios, Warsaw, Poland<br>\nPiano recorded at S1 Concert Hall, Warsaw<br>\nGuitar technicians and assistant to Pat Metheny: Carolyn Chrzan<br>\nPiano tuner and technician: Robert Gniadek<\/p>\n\n\n\n<p class=\"has-small-font-size\">Recorded by: Tadeusz Mieczkowski<br>\nMain additional recordings at Pueblo People Studios: Pawe\u0142 Bzi, Zarecki<br>\nAdditional recordings: Mateusz Pospieszalski and Marcin Pospieszalski<br>\nDigital transfer &amp; MP3: Marcin Knoblach (Izabelin Studio)<br>\nStudio manager at S4 and S1: Ewa D\u0142u\u017cniewska<\/p>\n\n\n\n<p class=\"has-small-font-size\">Mixed and mastered by Tadeusz Mieczkowski, S4<br>\nTam Gdzie Nie Si\u0119ga Wzrok, Me Jedyne Niebo and Are You Going With Me? mixed by Andrzej Karp, Izabelin Studio. Assistant engineer: Piotr Laskowski<\/p>\n\n\n\n<p class=\"has-small-font-size\">Artwork: Piotr Dumala <\/p>\n","protected":false},"excerpt":{"rendered":"<p>UPOJENIE (Nonesuch Records 2008) \u3042\u3089\u3086\u308b\u97f3\u697d\u30d5\u30a1\u30f3\u306b\u9a5a\u304d\u3068\u611f\u52d5\u3092\u4e0e\u3048\u7d9a\u3051\u308b\u30ab\u30ea\u30b9\u30de\u30ae\u30bf\u30ea\u30b9\u30c8\u3001\u30d1\u30c3\u30c8\u30fb\u30e1\u30bb\u30cb\u30fc\u3068\u30a2\u30f3\u30ca\u30fb\u30de\u30ea\u30a2\u30fb\u30e8\u30da\u30c3\u30af\u306e\u30b3\u30e9\u30dc\u30ec\u30fc\u30b7\u30e7\u30f3\u4f5c\u54c1\u3002\u672c\u4f5c\u54c1\u306f \u30d1\u30c3\u30c8\u30fb\u30e1\u30bb\u30cb\u30fc\u306e\u30a2\u30eb\u30d0\u30e0\u3068\u3057\u3066\u3001\u65b0\u305f\u306b\uff10\uff18\u5e74\u306b\u30ea\u30ea\u30fc\u30b9\u3055\u308c\u305f\u30a4\u30f3\u30bf\u30fc\u30ca\u30b7\u30e7\u30ca\u30eb\u76e4\u3002\uff10\uff12\u5e74\u306b\u30ea\u30ea\u30fc\u30b9\u3055\u308c\u305f\u30dd\u30fc\u30e9\u30f3\u30c9\u76e4\u306f\u3001\u30d7\u30e9\u30c1\u30ca\u30fb\u30c7\u30a3\u30b9\u30af\u3092\u53d7 \u8cde\u3001\u30dd\u30fc\u30e9\u30f3\u30c9\u97f3\u697d\u30c1\u30e3\u30fc\u30c8\u3067\uff17\u9031\u9023\u7d9a\uff11\u4f4d\u3068\u3044\u3046\u5feb\u6319\u3092\u6210\u3057\u9042\u3052\u3066\u3044\u308b\u3002\u5f53\u6642\u3001Pat Metheny With\u3000\u3068\u540d\u524d\u3092\u9023\u306d\u308b\u30b3\u30e9\u30dc\u30ec\u30fc\u30b7\u30e7\u30f3\u304c\u8a31\u3055\u308c\u3066\u3044\u305f\u30a2\u30fc\u30c6\u30a3\u30b9\u30c8\u306f\u4e16\u754c\u3067\u308f\u305a\u304b\uff13\u4eba\u3002\u30d1\u30c3\u30c8\u30fb\u30e1\u30bb\u30cb\u30fc\u306e\u5168\u9762\u7684\u5354\u529b\u306e\u3082\u3068\u3001\u30a2\u30f3\u30ca\u30fb\u30de\u30ea\u30a2\u5922\u306e\u30b3\u30e9 \u30dc\u30ec\u30fc\u30b7\u30e7\u30f3\u304c\u5b9f\u73fe\uff01\u30a2\u30eb\u30d0\u30e0\u306b\u306f\u3001\u30d1\u30c3\u30c8\u30fb\u30e1\u30bb\u30cb\u30fc\u3001\u30a2\u30f3\u30ca\u30fb\u30de\u30ea\u30a2\u30fb\u30e8\u30da\u30c3\u30af\u304c\u305d\u308c\u305e\u308c\u4f5c\u8a5e\u3057\u305f\u66f2\u3001\u30d1\u30c3\u30c8\u30fb\u30e1\u30bb\u30cb\u30fc\u3068\u30de\u30eb\u30c1\u30f3\u30fb\u30af\u30c9\u30ea\u30f3\u30b9\u30ad\u304c\u30dd\u30fc \u30e9\u30f3\u30c9\u8a9e\u304b\u3089\u82f1\u8a9e\u306b\u8a33\u3057\u305f\u66f2\u306a\u3069\u3082\u53ce\u9332\u3055\u308c\u3066\u3044\u308b\u3002 \u30ec\u30b3\u30fc\u30c7\u30a3\u30f3\u30b0\u306f\uff12\uff10\uff10\uff12\u5e74\u30ef\u30eb\u30b7\u30e3\u30ef\u306b\u3066\u3001\uff11\u9031\u9593\u30b9\u30bf\u30b8\u30aa\u3092\u8cb8\u3057\u5207\u3063\u3066\u884c\u308f\u308c\u305f\u3002\u30e1\u30bb\u30cb\u30fc\u306f\u3001\uff17\u672c\u306e\u30ae\u30bf\u30fc\u3092\u6301\u3061\u8fbc\u307f\u3001\u9023\u65e5\u9023\u591c\u3072\u305f\u3059\u3089\u30b9\u30bf\u30b8\u30aa\u3067\u97f3\u697d \u3068\u5411\u304d\u5408\u3063\u305f\u3002\u300c\u97f3\u697d\u3068\u3044\u3046\u3082\u306e\u306f\u3001\u9811\u5f35\u3063\u305f\u5206\u3060\u3051\u81ea\u5206\u306b\u8fd4\u3063\u3066\u304f\u308b\u3082\u306e\u300d\u3068\u4fe1\u5ff5\u3092\u8a9e\u308b\u30e1\u30bb\u30cb\u30fc\u3002\u5354\u6f14\u9663\u306b\u306f\u30ec\u30b7\u30a7\u30c3\u30af\u30fb\u30e2\u30b8\u30e5\u30b8\u30a7\u30eb\u306a\u3069\u3001\u30dd\u30fc\u30e9\u30f3\u30c9\u306e \u8d85\u4e00\u6d41\u30a2\u30fc\u30c6\u30a3\u30b9\u30c8\u304c\u96c6\u7d50\u3057\u305f\u3002 \u30e1\u30bb\u30cb\u30fc\u306f\u300c\u30ec\u30b3\u30fc\u30c7\u30a3\u30f3\u30b0\u306f\u3001\u3068\u3066\u3082\u523a\u6fc0\u7684\u3067\u96c6\u4e2d\u3057\u305f\u6642\u9593\u3067\u3057\u305f\u3002\u7686\u3067\u5354\u529b\u3057\u3066\u53d6\u308a\u7d44\u307f\u3001\u96c6\u307e\u3063\u305f\u30a2\u30fc\u30c6\u30a3\u30b9\u30c8\u9054\u304b\u3089\u30a4\u30f3\u30b9\u30d4\u30ec\u30fc\u30b7\u30e7\u30f3\u3092\u53d7\u3051\u3001\u4e92\u3044\u306e \u826f\u3055\u3092\u5f15\u304d\u51fa\u3059\u65b0\u305f\u306a\u767a\u898b\u3082\u3042\u308a\u307e\u3057\u305f\u3002\u79c1\u9054\u304c\u697d\u3057\u3093\u3067\u3053\u306e\u97f3\u697d\u3068\u5411\u304d\u5408\u3063\u305f\u3088\u3046\u306b\u3001\u7686\u3055\u3093\u306b\u3082\u3053\u306e\u97f3\u697d\u3092\u697d\u3057\u3093\u3067\u3082\u3089\u3048\u305f\u3089\u5b09\u3057\u3044\u3067\u3059\u3002\u300d\u3068\u8a71\u3059\u3002 \u4e16\u754c\u4e2d\u306e\u30d1\u30c3\u30c8\u30fb\u30e1\u30bb\u30cb\u30fc\u30d5\u30a1\u30f3\u306b\u3068\u3063\u3066\u3082\u5fc5\u8074\u306e\u30a2\u30eb\u30d0\u30e0\uff01 Track list:1. Cichy zapada zmrok (Here Comes The Silent Dusk) 2. Mania mienia (So May It Secretly Begin) 3. Biel (Whiteness)&nbsp; 4. Przyp\u0142yw, odp\u0142yw, oddech czasu&#8230; (Tell Her You Saw Me) 5. Are you going with me? 6. &hellip; <\/p>\n<p class=\"link-more\"><a href=\"http:\/\/annamariajopek.pl\/jp\/index.php\/music\/upojenie\/\" class=\"more-link\">Czytaj dalej<span class=\"screen-reader-text\"> Upojenie<\/span><\/a><\/p>\n","protected":false},"author":1,"featured_media":0,"parent":94,"menu_order":0,"comment_status":"closed","ping_status":"closed","template":"","meta":[],"_links":{"self":[{"href":"http:\/\/annamariajopek.pl\/jp\/index.php\/wp-json\/wp\/v2\/pages\/92"}],"collection":[{"href":"http:\/\/annamariajopek.pl\/jp\/index.php\/wp-json\/wp\/v2\/pages"}],"about":[{"href":"http:\/\/annamariajopek.pl\/jp\/index.php\/wp-json\/wp\/v2\/types\/page"}],"author":[{"embeddable":true,"href":"http:\/\/annamariajopek.pl\/jp\/index.php\/wp-json\/wp\/v2\/users\/1"}],"replies":[{"embeddable":true,"href":"http:\/\/annamariajopek.pl\/jp\/index.php\/wp-json\/wp\/v2\/comments?post=92"}],"version-history":[{"count":4,"href":"http:\/\/annamariajopek.pl\/jp\/index.php\/wp-json\/wp\/v2\/pages\/92\/revisions"}],"predecessor-version":[{"id":160,"href":"http:\/\/annamariajopek.pl\/jp\/index.php\/wp-json\/wp\/v2\/pages\/92\/revisions\/160"}],"up":[{"embeddable":true,"href":"http:\/\/annamariajopek.pl\/jp\/index.php\/wp-json\/wp\/v2\/pages\/94"}],"wp:attachment":[{"href":"http:\/\/annamariajopek.pl\/jp\/index.php\/wp-json\/wp\/v2\/media?parent=92"}],"curies":[{"name":"wp","href":"https:\/\/api.w.org\/{rel}","templated":true}]}}