{"id":95,"date":"2019-03-28T11:10:53","date_gmt":"2019-03-28T11:10:53","guid":{"rendered":"http:\/\/annamariajopek.pl\/jp\/?page_id=95"},"modified":"2019-03-28T11:14:04","modified_gmt":"2019-03-28T11:14:04","slug":"minione","status":"publish","type":"page","link":"http:\/\/annamariajopek.pl\/jp\/index.php\/music\/minione\/","title":{"rendered":"Minione"},"content":{"rendered":"\n<p>Anna Maria Jopek &amp; Gonzalo Rubalcaba<br>\uff5e\u73e0\u7389\u306e\u30bf\u30f3\u30b4\u97f3\u697d\u304c\u3001\u4eca\u8607\u308b\uff5e<br><\/p>\n\n\n\n<figure class=\"wp-block-image\"><img decoding=\"async\" loading=\"lazy\" width=\"700\" height=\"625\" src=\"http:\/\/annamariajopek.pl\/jp\/wp-content\/uploads\/2019\/03\/minione.jpg\" alt=\"\" class=\"wp-image-96\" srcset=\"http:\/\/annamariajopek.pl\/jp\/wp-content\/uploads\/2019\/03\/minione.jpg 700w, http:\/\/annamariajopek.pl\/jp\/wp-content\/uploads\/2019\/03\/minione-300x268.jpg 300w\" sizes=\"(max-width: 700px) 100vw, 700px\" \/><\/figure>\n\n\n\n<p>\u30dd\u30fc\u30e9\u30f3\u30c9\u30a2\u30eb\u30d0\u30e0\u30bb\u30fc\u30eb\u30b9\u30e9\u30f3\u30ad\u30f3\u30b0\u7b2c\uff11\u4f4d\u7372\u5f97\u3001\u30d7\u30e9\u30c1\u30ca\u30c7\u30a3\u30b9\u30af\u7372\u5f97\u4f5c\u54c1\u3002<br>\u300c\u904e\u304e\u53bb\u3063\u305f\u300d\u3068\u3044\u3046\u610f\u5473\u3092\u6301\u3064\u672c\u4f5c\u54c1\u300eMINIONE(\u30df\u30cb\u30e7\u30fc\u30cd)\u300f\u306f\u3001\u6226\u524d\u306b\u4eba\u6c17\u3092\u535a\u3057\u305f\u30dd\u30fc\u30e9\u30f3\u30c9\u306e\u30bf\u30f3\u30b4\u3092\u4eca\u306b\u8607\u3089\u305b\u308b\u30a2\u30eb\u30d0\u30e0\u3067\u3042\u308b\u3002\u904e\u304e\u53bb \u308a\u30571930\u5e74\u4ee3\u3068\u73fe\u5728\u3092\u3064\u306a\u304e\u3001\u30dd\u30fc\u30e9\u30f3\u30c9\u3001\u30e6\u30c0\u30e4\u3001\u30a2\u30eb\u30bc\u30f3\u30c1\u30f3\u3001\u30a2\u30e1\u30ea\u30ab\u3001\u30ad\u30e5\u30fc\u30d0\u306e\u6587\u5316\u306e\u61f8\u3051\u6a4b\u3068\u306a\u308b\u610f\u6b32\u4f5c\u3002\u30a2\u30f3\u30ca\u30fb\u30de\u30ea\u30a2\u30fb\u30e8\u30da\u30c3\u30af\u3068\u3001\u73fe\u4ee3 \u6700\u9ad8\u306e\u30b8\u30e3\u30ba\u30d4\u30a2\u30cb\u30b9\u30c8\u306e\uff11\u4eba\u3067\u3042\u308b\u30b4\u30f3\u30b5\u30ed\u30fb\u30eb\u30d0\u30eb\u30ab\u30d0\u7387\u3044\u308b\u30ad\u30e5\u30fc\u30d0\u30c8\u30ea\u30aa\u3068\u306e\u30b3\u30e9\u30dc\u30ec\u30fc\u30b7\u30e7\u30f3\u304c\u5b9f\u73fe\u3002\u9078\u66f2\u3067\u306f\u3001\u304b\u3064\u3066\u4e00\u4e16\u3092\u98a8\u9761\u3057\u305f\u30bf\u30f3\u30b4\u3001\u30dc\u30ec \u30ed\u306e\u6570\u767e\u66f2\u306e\u4e2d\u304b\u3089\u53b3\u9078\u306b\u53b3\u9078\u3092\u91cd\u306d\u3001\u30a2\u30f3\u30ca\u30fb\u30de\u30ea\u30a2\u3068\u30b4\u30f3\u30b5\u30ed\u304c\u6700\u3082\u30a4\u30f3\u30b9\u30d1\u30a4\u30a2\u3055\u308c\u305f\u66f2(\u300cRebeka\u300d\u300cTwe usta k\u0142ami\u0105\u300d\u306a\u3069)\u304c\u9078\u3070\u308c\u3066\u3044\u308b\u3002<br><br>\u30a2\u30f3\u30ca\u30fb\u30de\u30ea\u30a2\u306f\u3001\u300c\u81ea\u5206\u3068\u7570\u306a\u308b\u97f3\u697d\u7684\u30d0\u30c3\u30af\u30dc\u30fc\u30f3\u3092\u6301\u3064\u30a2\u30fc\u30c6\u30a3\u30b9\u30c8\u3068\u5171\u6f14\u3059\u308b\u969b\u306f\u3001\u3044\u3064\u3082\u5f7c\u3089\u3068\u306e\u9055\u3044\u306b\u9a5a\u304b\u3055\u308c\u307e\u3059\u3057\u3001\u5f7c\u3089\u3068\u306e\u30ec\u30b3\u30fc\u30c7\u30a3\u30f3\u30b0\u306f \u81ea\u5206\u81ea\u8eab\u3092\u7cbe\u795e\u7684\u306b\u8c4a\u304b\u306b\u3057\u3066\u304f\u308c\u307e\u3059\u3002\u7570\u306a\u308b\u6587\u5316\u3084\u611f\u53d7\u6027\u304c\u4ea4\u932f\u3059\u308b\u6240\u306b\u306f\u3001\u9a5a\u304f\u3079\u304d\u7121\u9650\u306e\u7f8e\u3068\u3001\u771f\u5b9f\u304c\u5b58\u5728\u3059\u308b\u3082\u306e\u3067\u3059\u3002\u97f3\u697d\u3068\u3044\u3046\u306e\u306f\u5171\u901a\u306e\u8a00\u8449\u306a \u306e\u3067\u3059\u3002\u300d\u3068\u8a71\u3059\u3002\u307e\u305f\u3001\u300c\u4eca\u56de\u306e\u30a2\u30eb\u30d0\u30e0\u5236\u4f5c\u306f\u3001\u307e\u308b\u3067\u9b54\u6cd5\u306e\u529b\u304c\u3042\u308b\u304b\u306e\u3088\u3046\u3067\u3057\u305f\u3002(\u304b\u3064\u3066\u306e\u30bf\u30f3\u30b4\u97f3\u697d\u306e\u3088\u3046\u306b)\u3053\u308c\u307b\u3069\u7f8e\u3057\u304f\u3042\u308a\u306a\u304c\u3089\u3001\u60b2\u54c0 \u3067\u3001\u79d8\u5bc6\u3092\u5e2f\u3073\u3001\u8276\u3084\u304b\u306a\u3082\u306e\u306f\u672c\u5f53\u306b\u7a00\u3067\u3059\u3002\u300d\u3068\u7d9a\u3051\u308b\u3002&nbsp;<br>\u6226\u524d\u306e\u30dd\u30fc\u30e9\u30f3\u30c9\u306b\u304a\u3051\u308b\u73e0\u7389\u306e\u30bf\u30f3\u30b4\u97f3\u697d\u3092\u3001\u4eca\u306b\u8607\u3089\u305b\u308b\u30a2\u30eb\u30d0\u30e0\u300eMINIONE\u300f\u3002<br>\u300eMINIONE\u300f\u306e\u30a2\u30ec\u30f3\u30b8\u53ca\u3073\u30d7\u30ed\u30c7\u30e5\u30fc\u30b9\u306f\u3001\u30b4\u30f3\u30b5\u30ed\u30fb\u30eb\u30d0\u30eb\u30ab\u30d0\u306b\u3088\u308b\u3002\u30ec\u30b3\u30fc\u30c7\u30a3\u30f3\u30b0\u306f\u3001\u30b0\u30e9\u30df\u30fc\u8cde\u53d7\u8cde\u7d4c\u9a13\u306e\u3042\u308b\u30ab\u30eb\u30ed\u30b9\u30fb\u30a2\u30eb\u30d0\u30ec\u30b9\u306b\u3088\u3063 \u3066\u3001\u30d5\u30ed\u30ea\u30c0\u306b\u3042\u308b\u4f1d\u8aac\u7684\u30b9\u30bf\u30b8\u30aaThe Hit Factory Miami\u3067\u884c\u308f\u308c\u305f\u3002<\/p>\n\n\n\n<p>Anna Maria Jopek \u2013 Voice&nbsp;<br>Gonzalo Rubalcaba \u2013 Piano&nbsp;<br>Armando Gola \u2013 Bass&nbsp;<br>Ernesto Simpson \u2013 Drums<\/p>\n\n\n\n<div class=\"is-layout-flex wp-container-3 wp-block-columns has-2-columns\">\n<div class=\"is-layout-flow wp-block-column\">\n<p>CD:<\/p>\n\n\n\n<p class=\"has-small-font-size\">1. Twe usta k\u0142ami\u0105 5:58 <br>2. Kogo nasza mi\u0142o\u015b\u0107 obchodzi 4:14 <br>3. Co nam zosta\u0142o z tych lat 5:11 <br>4. Nie wierz\u0119 Ci 5:02 <br>5. Beseme mucho 4:23 <br>6. Co nam zosta\u0142o&#8230; WYBRZMIENIE 1:29 <br>7. Pokoik na Ho\u017cej 6:42 <br>8. To ostatnia niedziela 4:15 <br>9. Miasteczko Be\u0142z 4:36 <br>10. Nie wierz\u0119&#8230; DETAL 0:28 <br>11. Rebeka 6:01<\/p>\n<\/div>\n\n\n\n<div class=\"is-layout-flow wp-block-column\">\n<p>LP: <\/p>\n\n\n\n<p class=\"has-small-font-size\"><strong>Side A  <\/strong><br>1. Twe usta k\u0142ami\u0105  <br>2. Kogo nasza mi\u0142o\u015b\u0107 obchodzi  <br>3. Co nam zosta\u0142o z tamtych lat  <br>4. Nie wierz\u0119 Ci  <br><br><strong>Side B <\/strong><br>1. Pokoik na Ho\u017cej  <br>2. To ostatnia niedziela  <br>3. Miasteczko Be\u0142z  <br>4. Rebeka<\/p>\n<\/div>\n<\/div>\n\n\n\n<figure class=\"wp-block-embed-youtube wp-block-embed is-type-video is-provider-youtube wp-embed-aspect-16-9 wp-has-aspect-ratio\"><div class=\"wp-block-embed__wrapper\">\n<iframe loading=\"lazy\" width=\"525\" height=\"295\" src=\"https:\/\/www.youtube.com\/embed\/p7560BwZg9U?feature=oembed\" frameborder=\"0\" allow=\"accelerometer; autoplay; encrypted-media; gyroscope; picture-in-picture\" allowfullscreen><\/iframe>\n<\/div><\/figure>\n\n\n\n<figure class=\"wp-block-embed-youtube wp-block-embed is-type-video is-provider-youtube wp-embed-aspect-16-9 wp-has-aspect-ratio\"><div class=\"wp-block-embed__wrapper\">\n<iframe loading=\"lazy\" width=\"525\" height=\"295\" src=\"https:\/\/www.youtube.com\/embed\/mfxctm-B20k?feature=oembed\" frameborder=\"0\" allow=\"accelerometer; autoplay; encrypted-media; gyroscope; picture-in-picture\" allowfullscreen><\/iframe>\n<\/div><\/figure>\n\n\n\n<p><a href=\"http:\/\/annamariajopek.pl\/en\/index.php\/music\/minione-2\/trailers-to-minione\/\">Watch trailers&#8230;<\/a><\/p>\n\n\n\n<figure class=\"wp-block-embed-spotify wp-block-embed is-type-rich is-provider-spotify wp-embed-aspect-9-16 wp-has-aspect-ratio\"><div class=\"wp-block-embed__wrapper\">\n<iframe loading=\"lazy\" width=\"300\" height=\"380\" allowtransparency=\"true\" frameborder=\"0\" allow=\"encrypted-media\" title=\"Spotify Embed: Minione\" src=\"https:\/\/open.spotify.com\/embed\/album\/5ryHlmu2c1fzYFRww2qlFI\"><\/iframe>\n<\/div><\/figure>\n\n\n\n<p class=\"has-small-font-size\">All arrangements and music production: Gonzalo Rubalcaba <br>Mix &amp; Recording Engineer: Carlos Alvares Mastering: Allan Tucker<br>Editing Engineer: Mario Garcia Haya \u2013 EME Producciones <br>Assistant Engineer: Femio Hernandez by Criteria Studio <br><em>Ten blask<\/em>: Gary Galimidi<br>Recorded at The Hit Factory Criteria Miami 22nd-24th August and 20th-22nd December 2016 Rehearsal Sessions at Big Wall Studio, Miami Florida Assistant: Simon Peuela<br>Mastered at TuckerSound\/Foothill Digital, New York<br><br>Gonzalo Rubalcaba is exclusive artist of 5Passion and played with Bosendorfer Concert Grand 280 VC Vienna Concert<br>Armando Gola is exclusive artist of 5Passion and played with Dr.Strings and MarkBASS AMPS Ernesto Simpson is exclusive artist of Remo, LP \u2013 Vickfirth and Yamaha Drums<br><br><\/p>\n\n\n\n<p class=\"has-small-font-size\">A&amp;R: Jaros\u0142aw Szlagowski, Anna Pyzi\u0144ska\/Universal Music <br>Project Manager: Ewa Pi\u0119tka\/Universal Music <br>Project Coordinator in Miami: Maria Gonzalez<br>Legal Advisor: Agata Bajno<br>Design: Kasia Mro\u017cewska<br>Photo &amp; Video: Robert Roy Na\u0142\u0119cz | www.robertroynalecz.com<br>Translators: Katarzyna Kasperek, Agnieszka Zimnicka<br><\/p>\n","protected":false},"excerpt":{"rendered":"<p>Anna Maria Jopek &amp; Gonzalo Rubalcaba\uff5e\u73e0\u7389\u306e\u30bf\u30f3\u30b4\u97f3\u697d\u304c\u3001\u4eca\u8607\u308b\uff5e \u30dd\u30fc\u30e9\u30f3\u30c9\u30a2\u30eb\u30d0\u30e0\u30bb\u30fc\u30eb\u30b9\u30e9\u30f3\u30ad\u30f3\u30b0\u7b2c\uff11\u4f4d\u7372\u5f97\u3001\u30d7\u30e9\u30c1\u30ca\u30c7\u30a3\u30b9\u30af\u7372\u5f97\u4f5c\u54c1\u3002\u300c\u904e\u304e\u53bb\u3063\u305f\u300d\u3068\u3044\u3046\u610f\u5473\u3092\u6301\u3064\u672c\u4f5c\u54c1\u300eMINIONE(\u30df\u30cb\u30e7\u30fc\u30cd)\u300f\u306f\u3001\u6226\u524d\u306b\u4eba\u6c17\u3092\u535a\u3057\u305f\u30dd\u30fc\u30e9\u30f3\u30c9\u306e\u30bf\u30f3\u30b4\u3092\u4eca\u306b\u8607\u3089\u305b\u308b\u30a2\u30eb\u30d0\u30e0\u3067\u3042\u308b\u3002\u904e\u304e\u53bb \u308a\u30571930\u5e74\u4ee3\u3068\u73fe\u5728\u3092\u3064\u306a\u304e\u3001\u30dd\u30fc\u30e9\u30f3\u30c9\u3001\u30e6\u30c0\u30e4\u3001\u30a2\u30eb\u30bc\u30f3\u30c1\u30f3\u3001\u30a2\u30e1\u30ea\u30ab\u3001\u30ad\u30e5\u30fc\u30d0\u306e\u6587\u5316\u306e\u61f8\u3051\u6a4b\u3068\u306a\u308b\u610f\u6b32\u4f5c\u3002\u30a2\u30f3\u30ca\u30fb\u30de\u30ea\u30a2\u30fb\u30e8\u30da\u30c3\u30af\u3068\u3001\u73fe\u4ee3 \u6700\u9ad8\u306e\u30b8\u30e3\u30ba\u30d4\u30a2\u30cb\u30b9\u30c8\u306e\uff11\u4eba\u3067\u3042\u308b\u30b4\u30f3\u30b5\u30ed\u30fb\u30eb\u30d0\u30eb\u30ab\u30d0\u7387\u3044\u308b\u30ad\u30e5\u30fc\u30d0\u30c8\u30ea\u30aa\u3068\u306e\u30b3\u30e9\u30dc\u30ec\u30fc\u30b7\u30e7\u30f3\u304c\u5b9f\u73fe\u3002\u9078\u66f2\u3067\u306f\u3001\u304b\u3064\u3066\u4e00\u4e16\u3092\u98a8\u9761\u3057\u305f\u30bf\u30f3\u30b4\u3001\u30dc\u30ec \u30ed\u306e\u6570\u767e\u66f2\u306e\u4e2d\u304b\u3089\u53b3\u9078\u306b\u53b3\u9078\u3092\u91cd\u306d\u3001\u30a2\u30f3\u30ca\u30fb\u30de\u30ea\u30a2\u3068\u30b4\u30f3\u30b5\u30ed\u304c\u6700\u3082\u30a4\u30f3\u30b9\u30d1\u30a4\u30a2\u3055\u308c\u305f\u66f2(\u300cRebeka\u300d\u300cTwe usta k\u0142ami\u0105\u300d\u306a\u3069)\u304c\u9078\u3070\u308c\u3066\u3044\u308b\u3002 \u30a2\u30f3\u30ca\u30fb\u30de\u30ea\u30a2\u306f\u3001\u300c\u81ea\u5206\u3068\u7570\u306a\u308b\u97f3\u697d\u7684\u30d0\u30c3\u30af\u30dc\u30fc\u30f3\u3092\u6301\u3064\u30a2\u30fc\u30c6\u30a3\u30b9\u30c8\u3068\u5171\u6f14\u3059\u308b\u969b\u306f\u3001\u3044\u3064\u3082\u5f7c\u3089\u3068\u306e\u9055\u3044\u306b\u9a5a\u304b\u3055\u308c\u307e\u3059\u3057\u3001\u5f7c\u3089\u3068\u306e\u30ec\u30b3\u30fc\u30c7\u30a3\u30f3\u30b0\u306f \u81ea\u5206\u81ea\u8eab\u3092\u7cbe\u795e\u7684\u306b\u8c4a\u304b\u306b\u3057\u3066\u304f\u308c\u307e\u3059\u3002\u7570\u306a\u308b\u6587\u5316\u3084\u611f\u53d7\u6027\u304c\u4ea4\u932f\u3059\u308b\u6240\u306b\u306f\u3001\u9a5a\u304f\u3079\u304d\u7121\u9650\u306e\u7f8e\u3068\u3001\u771f\u5b9f\u304c\u5b58\u5728\u3059\u308b\u3082\u306e\u3067\u3059\u3002\u97f3\u697d\u3068\u3044\u3046\u306e\u306f\u5171\u901a\u306e\u8a00\u8449\u306a \u306e\u3067\u3059\u3002\u300d\u3068\u8a71\u3059\u3002\u307e\u305f\u3001\u300c\u4eca\u56de\u306e\u30a2\u30eb\u30d0\u30e0\u5236\u4f5c\u306f\u3001\u307e\u308b\u3067\u9b54\u6cd5\u306e\u529b\u304c\u3042\u308b\u304b\u306e\u3088\u3046\u3067\u3057\u305f\u3002(\u304b\u3064\u3066\u306e\u30bf\u30f3\u30b4\u97f3\u697d\u306e\u3088\u3046\u306b)\u3053\u308c\u307b\u3069\u7f8e\u3057\u304f\u3042\u308a\u306a\u304c\u3089\u3001\u60b2\u54c0 \u3067\u3001\u79d8\u5bc6\u3092\u5e2f\u3073\u3001\u8276\u3084\u304b\u306a\u3082\u306e\u306f\u672c\u5f53\u306b\u7a00\u3067\u3059\u3002\u300d\u3068\u7d9a\u3051\u308b\u3002&nbsp;\u6226\u524d\u306e\u30dd\u30fc\u30e9\u30f3\u30c9\u306b\u304a\u3051\u308b\u73e0\u7389\u306e\u30bf\u30f3\u30b4\u97f3\u697d\u3092\u3001\u4eca\u306b\u8607\u3089\u305b\u308b\u30a2\u30eb\u30d0\u30e0\u300eMINIONE\u300f\u3002\u300eMINIONE\u300f\u306e\u30a2\u30ec\u30f3\u30b8\u53ca\u3073\u30d7\u30ed\u30c7\u30e5\u30fc\u30b9\u306f\u3001\u30b4\u30f3\u30b5\u30ed\u30fb\u30eb\u30d0\u30eb\u30ab\u30d0\u306b\u3088\u308b\u3002\u30ec\u30b3\u30fc\u30c7\u30a3\u30f3\u30b0\u306f\u3001\u30b0\u30e9\u30df\u30fc\u8cde\u53d7\u8cde\u7d4c\u9a13\u306e\u3042\u308b\u30ab\u30eb\u30ed\u30b9\u30fb\u30a2\u30eb\u30d0\u30ec\u30b9\u306b\u3088\u3063 \u3066\u3001\u30d5\u30ed\u30ea\u30c0\u306b\u3042\u308b\u4f1d\u8aac\u7684\u30b9\u30bf\u30b8\u30aaThe Hit Factory Miami\u3067\u884c\u308f\u308c\u305f\u3002 Anna Maria Jopek \u2013 Voice&nbsp;Gonzalo Rubalcaba \u2013 Piano&nbsp;Armando Gola \u2013 Bass&nbsp;Ernesto Simpson \u2013 Drums CD: 1. Twe usta k\u0142ami\u0105 5:58 2. Kogo nasza mi\u0142o\u015b\u0107 obchodzi 4:14 3. Co nam zosta\u0142o z tych lat 5:11 4. &hellip; <\/p>\n<p class=\"link-more\"><a href=\"http:\/\/annamariajopek.pl\/jp\/index.php\/music\/minione\/\" class=\"more-link\">Czytaj dalej<span class=\"screen-reader-text\"> Minione<\/span><\/a><\/p>\n","protected":false},"author":1,"featured_media":0,"parent":94,"menu_order":0,"comment_status":"closed","ping_status":"closed","template":"","meta":[],"_links":{"self":[{"href":"http:\/\/annamariajopek.pl\/jp\/index.php\/wp-json\/wp\/v2\/pages\/95"}],"collection":[{"href":"http:\/\/annamariajopek.pl\/jp\/index.php\/wp-json\/wp\/v2\/pages"}],"about":[{"href":"http:\/\/annamariajopek.pl\/jp\/index.php\/wp-json\/wp\/v2\/types\/page"}],"author":[{"embeddable":true,"href":"http:\/\/annamariajopek.pl\/jp\/index.php\/wp-json\/wp\/v2\/users\/1"}],"replies":[{"embeddable":true,"href":"http:\/\/annamariajopek.pl\/jp\/index.php\/wp-json\/wp\/v2\/comments?post=95"}],"version-history":[{"count":1,"href":"http:\/\/annamariajopek.pl\/jp\/index.php\/wp-json\/wp\/v2\/pages\/95\/revisions"}],"predecessor-version":[{"id":97,"href":"http:\/\/annamariajopek.pl\/jp\/index.php\/wp-json\/wp\/v2\/pages\/95\/revisions\/97"}],"up":[{"embeddable":true,"href":"http:\/\/annamariajopek.pl\/jp\/index.php\/wp-json\/wp\/v2\/pages\/94"}],"wp:attachment":[{"href":"http:\/\/annamariajopek.pl\/jp\/index.php\/wp-json\/wp\/v2\/media?parent=95"}],"curies":[{"name":"wp","href":"https:\/\/api.w.org\/{rel}","templated":true}]}}