{"id":310,"date":"2019-03-26T18:21:06","date_gmt":"2019-03-26T18:21:06","guid":{"rendered":"http:\/\/annamariajopek.pl\/en\/?page_id=310"},"modified":"2019-04-11T11:31:31","modified_gmt":"2019-04-11T10:31:31","slug":"upojenie-jopek-metheny","status":"publish","type":"page","link":"https:\/\/annamariajopek.pl\/en\/index.php\/music\/upojenie-jopek-metheny\/","title":{"rendered":"Upojenie"},"content":{"rendered":"\n<figure class=\"wp-block-image\"><img decoding=\"async\" loading=\"lazy\" width=\"717\" height=\"720\" src=\"http:\/\/annamariajopek.pl\/en\/wp-content\/uploads\/2019\/03\/upojenie.jpg\" alt=\"\" class=\"wp-image-182\" srcset=\"https:\/\/annamariajopek.pl\/en\/wp-content\/uploads\/2019\/03\/upojenie.jpg 717w, https:\/\/annamariajopek.pl\/en\/wp-content\/uploads\/2019\/03\/upojenie-150x150.jpg 150w, https:\/\/annamariajopek.pl\/en\/wp-content\/uploads\/2019\/03\/upojenie-300x300.jpg 300w, https:\/\/annamariajopek.pl\/en\/wp-content\/uploads\/2019\/03\/upojenie-100x100.jpg 100w\" sizes=\"(max-width: 717px) 100vw, 717px\" \/><\/figure>\n\n\n\n<p>Pat Metheny &amp; Anna Maria Jopek<br>2008 Nonesuch (international edition)<\/p>\n\n\n\n<p class=\"has-small-font-size\">Why me? Everything I&#8217;ve experienced so far proved to be insufficient. The knowledge the work, the talent I possibly have &#8211; they are all of such a small size compared to Pat&#8217;s genius. This album is the bravest of my dreams coming true. Sung in Polish. The message, I believe, reaches beyond the language boundaries. <br><br>I hope that our passion, determination and love can still be sensed, or felt. Let me pray it can be a message of peace in this turbulent world. It is agreat place to live, though. Otherwise Pat would have chosen some other world, some other time, to bless it with the gift of his music. <\/p>\n\n\n\n<p style=\"text-align:right\" class=\"has-small-font-size\">Anna Maria Jopek<\/p>\n\n\n\n<p class=\"has-small-font-size\"><br><em>Poland is a special place, a place filled with some of the soulful and unique people and musicians anywhere. The relationship that I have enjoyed with the audiences and players there over the years has been a wonderful and unique enrichment to my live, musically and personally.\u00a0<br><br>While performing at a jazz Festival in Europe in the summer of 2001 I was approached by an exceptional young Polish musician, singer Anna Maria Jopek. Her dream was to collaborate on a project together, blending out sounds with all-star cast of the best Polish players playing some of my tunes, some Polish folk melodies and some of her own compositions. Her dedication and sincerity were compelling and as I became familiar with her music over the next few months, I was impressed with everything\u00a0 about her music and her singing.<br><br>It was a real pleasure to collaborate with Anna, Marcin and all the fantastic musicians represented here. Their vision of how to interpret my tunes often inspired me to look at them in a totally different way myself. The recording sessions were stimulating and focused as\u00a0 Anna and I and the other musicians discovered the many different ways that we could play together. This was music making at its most fun and collaborative. We hope you will enjoy this music as much as we enjoyed making it together\u201d<\/em>\u00a0<\/p>\n\n\n\n<p style=\"text-align:right\" class=\"has-small-font-size\">Pat Metheny<\/p>\n\n\n\n<p class=\"has-small-font-size\">Track list:<br>1. Cichy zapada zmrok (Here Comes The Silent Dusk)\u00a0<br>(traditional)<br>2. Mania mienia (So May It Secretly Begin)<br>(mus. Pat Metheny, lyr. Andrzej Poniedzielski)<br>3. Biel (Whiteness)\u00a0<br>(mus. \/ lyr. Marcin Kydry\u0144ski)<br>4. Przyp\u0142yw, odp\u0142yw, oddech czasu\u2026 (Tell Her You Saw Me)<br>(mus. Pat Metheny \/ lyr. Magda Czapi\u0144ska)<br>5. Are you going with me?\u00a0<br>(mus. Pat Metheny, Lyle Mays)<br>6. Czarne s\u0142owa (Black Words)\u00a0<br>(mus. \/ lyr. Anna Maria Jopek)<br>7. Lulaj\u017ce Jezuniu (Polish Christmas Carol)*<br>(traditional)<br>8. Upojenie (Ecstasy)\u00a0<br>(mus. Anna Maria Jopek \/ lyr. Stanis\u0142aw Grochowiak)<br>9. Zupe\u0142nie inna ja (Always And Forever)<br>(mus Pat Metheny \/ lyr. Marcin Kydry\u0144ski)<br>10. Piosenka dla Stasia (A Song For Stas)\u00a0<br>(mus. \/ lyr. Marcin Kydry\u0144ski)<br>11. Letter from home\u00a0<br>(mus. Pat Metheny)<br>12. Me jedyne niebo (Another Life)<br>(mus. Pat Metheny \/ lyr. Marcin Kydry\u0144ski)<br>13. By on by\u0142 tu (Farmer\u2019s Trust)\u00a0<br>(mus. Pat Metheny \/ lyr. Andrzej Poniedzielski)<br>14. Polskie drogi (Polish Paths)\u00a0<br>(mus. Andrzej Kurylewicz)<br>15. Tam, gdzie nie si\u0119ga wzrok (Follow Me)<br>(mus. Pat Metheny, Lyle Mays \/ lyr. Magda Czapi\u0144ska)<br>16. Na ca\u0142ej po\u0142aci \u015bnieg (The Snow Falls All Over The Place)*\u00a0<br>(mus. Jerzy Wasowski \/ lyr. Jeremi Przybora)<br>17. Szepty i \u0142zy (Whispers And Tears)*<br>(mus. Wojciech Kilar, lyr. Marcin Kydry\u0144ski)<br>* bonus track<\/p>\n\n\n\n<figure class=\"wp-block-embed-spotify wp-block-embed is-type-rich is-provider-spotify wp-embed-aspect-9-16 wp-has-aspect-ratio\"><div class=\"wp-block-embed__wrapper\">\n<iframe loading=\"lazy\" width=\"300\" height=\"380\" allowtransparency=\"true\" frameborder=\"0\" allow=\"encrypted-media\" title=\"Spotify Embed: Upojenie\" src=\"https:\/\/open.spotify.com\/embed\/album\/2FDoaB8G6itN0d1vUPQgc9\"><\/iframe>\n<\/div><\/figure>\n\n\n\n<p class=\"has-small-font-size\">Anna Maria Jopek &#8211; voice, background vocals, Fender Rhodes<br>Pat Metheny &#8211; electric, acoustic, classical, baritone and soprano guitars, guitar synthesiser, 43-string Pikasso guitar, keyboards<br>Leszek Mo\u017cd\u017cer  &#8211; piano<br>Pawe\u0142 Bzik Zarecki &#8211; keyboards, main programming, loops<br>Darek Olaszkiewicz &#8211; acoustic bass<br>Marcin Pospieszalski &#8211; bass guitar, programming, loops<br>Cezary Konrad &#8211; drums<br>Mino Cinelu &#8211; percussion<br>Henryk Mi\u015bkiewicz &#8211; soprano saxophone<br>Mateusz Pospieszalski &#8211; programming, loops<br>Marek Pospieszalski &#8211; turntables<br>Wojciech Kowalewski &#8211; percussion<br>Piotr Nazaruk &#8211; flutes, hammered dulcimer, percussion, voice<br>Bernard Maseli &#8211; vibes<br>Marek Napi\u00f3rkowski &#8211; 2nd gituar on &#8220;Upojenie&#8221;<br>Barney &#8211; &#8216;Alien Voices&#8217;<br><br>Violins: Krzysztof Bzowka &#8211; concertmaster, J\u00f3zef Kolinek &#8211; contractor, Parycja Jopek, Katarzyna Gilewska-Zagrodzi\u0144ska, Artur Gadzala, Robert D\u0105browski, Violas: W\u0142odzimierz \u017burawski, Dariusz Kisieli\u0144ski, Cellos: Jerzy Muranty, Janusz Olechowski <br><br>Acoustic guitars made by Linda Mazner, Toronto, Canada. Electric guitar by Ibenez. <br><\/p>\n\n\n\n<p class=\"has-small-font-size\">Produced by Marcin Kydrynski &amp; Pat Metheny<br>Co-produced by: Anna Maria Jopek &amp; Pawe\u0142 Bzim Zarecki<br>Sequenced by Matt Pierson<br>Executive producer, A&amp;R: Jacek \u017burawski<br><br>Recorded: July-October 2002 at S4 and Pueblo People Studios, Warsaw, Poland<br>Piano recorded at S1 Concert Hall, Warsaw<br>Guitar technicians and assistant to Pat Metheny: Carolyn Chrzan<br>Piano tuner and technician: Robert Gniadek<br><br>Recorded by: Tadeusz Mieczkowski<br>Main additional recordings at Pueblo People Studios: Pawe\u0142 Bzi, Zarecki<br>Additional recordings: Mateusz Pospieszalski and Marcin Pospieszalski<br>Digital transfer &amp; MP3: Marcin Knoblach (Izabelin Studio)<br>Studio manager at S4 and S1: Ewa D\u0142u\u017cniewska<br><br>Mixed and mastered by Tadeusz Mieczkowski, S4<br><em>Tam Gdzie Nie Si\u0119ga Wzrok, Me Jedyne Niebo <\/em>and<em> Are You Going With Me? <\/em>mixed by Andrzej Karp, Izabelin Studio. Assistant engineer: Piotr Laskowski<br><br>Artwork: Piotr Dumala <\/p>\n\n\n\n<p>Anna Maria Jopek with Friends &amp; Pat Metheny <br>2002 Warner Music<\/p>\n\n\n\n<div class=\"wp-block-media-text alignwide\"><figure class=\"wp-block-media-text__media\"><img decoding=\"async\" loading=\"lazy\" width=\"300\" height=\"301\" src=\"http:\/\/annamariajopek.pl\/en\/wp-content\/uploads\/2019\/03\/upojenie-1.jpg\" alt=\"\" class=\"wp-image-434\" srcset=\"https:\/\/annamariajopek.pl\/en\/wp-content\/uploads\/2019\/03\/upojenie-1.jpg 300w, https:\/\/annamariajopek.pl\/en\/wp-content\/uploads\/2019\/03\/upojenie-1-150x150.jpg 150w, https:\/\/annamariajopek.pl\/en\/wp-content\/uploads\/2019\/03\/upojenie-1-299x300.jpg 299w, https:\/\/annamariajopek.pl\/en\/wp-content\/uploads\/2019\/03\/upojenie-1-100x100.jpg 100w\" sizes=\"(max-width: 300px) 100vw, 300px\" \/><\/figure><div class=\"wp-block-media-text__content\">\n<p class=\"has-small-font-size\">1. Cichy Zapada Zmrok&nbsp;<br>2. Przyp\u0142yw, Odp\u0142yw, Oddech Czasu&nbsp;<br>3. Tam, Gdzie Nie Si\u0119ga Wzrok&nbsp;<br>4. Biel&nbsp;<br>5. Czarne S\u0142owa&nbsp;<br>6. Letter From Home&nbsp;<br>7. Are You Going With Me?&nbsp;<br>8. Zupe\u0142nie Inna Ja&nbsp;<br>9. Mania Mienia&nbsp;<br>10. By On By\u0142 Tu&nbsp;<br>11. Upojenie&nbsp;<br>12. Piosenka Dla Stasia&nbsp;<br>13. Me Jedyne Niebo&nbsp;<br>14. Polskie Drogi&nbsp;<\/p>\n<\/div><\/div>\n\n\n\n<figure class=\"wp-block-embed-youtube wp-block-embed is-type-video is-provider-youtube wp-embed-aspect-4-3 wp-has-aspect-ratio\"><div class=\"wp-block-embed__wrapper\">\n<iframe loading=\"lazy\" width=\"525\" height=\"394\" src=\"https:\/\/www.youtube.com\/embed\/Io4Kv9Q8KYw?feature=oembed\" frameborder=\"0\" allow=\"accelerometer; autoplay; encrypted-media; gyroscope; picture-in-picture\" allowfullscreen><\/iframe>\n<\/div><\/figure>\n\n\n\n<p class=\"has-small-font-size\"><\/p>\n","protected":false},"excerpt":{"rendered":"<p>Pat Metheny &amp; Anna Maria Jopek2008 Nonesuch (international edition) Why me? Everything I&#8217;ve experienced so far proved to be insufficient. The knowledge the work, the talent I possibly have &#8211; they are all of such a small size compared to Pat&#8217;s genius. This album is the bravest of my dreams coming true. Sung in Polish. &hellip; <\/p>\n<p class=\"link-more\"><a href=\"https:\/\/annamariajopek.pl\/en\/index.php\/music\/upojenie-jopek-metheny\/\" class=\"more-link\">Continue reading<span class=\"screen-reader-text\"> &#8220;Upojenie&#8221;<\/span><\/a><\/p>\n","protected":false},"author":1,"featured_media":0,"parent":44,"menu_order":0,"comment_status":"closed","ping_status":"closed","template":"","meta":[],"_links":{"self":[{"href":"https:\/\/annamariajopek.pl\/en\/index.php\/wp-json\/wp\/v2\/pages\/310"}],"collection":[{"href":"https:\/\/annamariajopek.pl\/en\/index.php\/wp-json\/wp\/v2\/pages"}],"about":[{"href":"https:\/\/annamariajopek.pl\/en\/index.php\/wp-json\/wp\/v2\/types\/page"}],"author":[{"embeddable":true,"href":"https:\/\/annamariajopek.pl\/en\/index.php\/wp-json\/wp\/v2\/users\/1"}],"replies":[{"embeddable":true,"href":"https:\/\/annamariajopek.pl\/en\/index.php\/wp-json\/wp\/v2\/comments?post=310"}],"version-history":[{"count":13,"href":"https:\/\/annamariajopek.pl\/en\/index.php\/wp-json\/wp\/v2\/pages\/310\/revisions"}],"predecessor-version":[{"id":472,"href":"https:\/\/annamariajopek.pl\/en\/index.php\/wp-json\/wp\/v2\/pages\/310\/revisions\/472"}],"up":[{"embeddable":true,"href":"https:\/\/annamariajopek.pl\/en\/index.php\/wp-json\/wp\/v2\/pages\/44"}],"wp:attachment":[{"href":"https:\/\/annamariajopek.pl\/en\/index.php\/wp-json\/wp\/v2\/media?parent=310"}],"curies":[{"name":"wp","href":"https:\/\/api.w.org\/{rel}","templated":true}]}}